{"id":2,"date":"2026-04-09T09:09:08","date_gmt":"2026-04-09T07:09:08","guid":{"rendered":"https:\/\/victoriagarant.ieslossauces.es\/wordpress\/?page_id=2"},"modified":"2026-04-09T09:09:08","modified_gmt":"2026-04-09T07:09:08","slug":"paxina-exemplo","status":"publish","type":"page","link":"https:\/\/victoriagarant.ieslossauces.es\/wordpress\/paxina-exemplo\/","title":{"rendered":"P\u00e1xina de exemplo"},"content":{"rendered":"\n<p>Ista \u00e9 unha p\u00e1xina de exemplo. \u00c9 diferente a unha entrada do blog porque estar\u00e1 nun s\u00f3 lugar e aparecer\u00e1 na navegaci\u00f3n do teu sitio (na maior\u00eda dos temas). A maior\u00eda da xente comenza cunha p\u00e1xina \u00abAcerca de\u00bb que lles presenta aos visitantes potenciais do sitio. Poder\u00eda dicir algo como esto:<\/p>\n\n\n\n<blockquote class=\"wp-block-quote is-layout-flow wp-block-quote-is-layout-flow\">\n\n<p>Ola meu! Son canteiro en Porri\u00f1o polo d\u00eda, gaiteiro pola noite, e este \u00e9 o meu sitio. Vivo en Vigo, na r\u00faa do Pr\u00edncipe, te\u00f1o un can de palleiro chamado Buxo, e g\u00fastame o licor caf\u00e9. (E tam\u00e9n ba\u00f1arme en Samil cando chove.)<\/p>\n\n<\/blockquote>\n\n\n\n<p>\u2026ou algo as\u00ed: <\/p>\n\n\n\n<blockquote class=\"wp-block-quote is-layout-flow wp-block-quote-is-layout-flow\">\n\n<p>A compa\u00f1\u00eda de calcet\u00edns Chorima foi fundada en 1971 e desde ent\u00f3n proporcionou calcet\u00edns de calidade para a xente. Situada en Mondo\u00f1edo, Chorima emprega a m\u00e1is de 2.000 persoas e fai todo tipo de cousas impresionantes para a comunidade santiaguesa.<\/p>\n\n<\/blockquote>\n\n\n\n<p>Como novo usuario de WordPress, deber\u00edas ir ao <a href=\"https:\/\/victoriagarant.ieslossauces.es\/wordpress\/wp-admin\/\">teu escritorio<\/a> para borrar esta p\u00e1xina e crear novas p\u00e1xinas para o teu contido. P\u00e1sao ben! <\/p>\n","protected":false},"excerpt":{"rendered":"<p>Ista \u00e9 unha p\u00e1xina de exemplo. \u00c9 diferente a unha entrada do blog porque estar\u00e1 nun s\u00f3 lugar e aparecer\u00e1 na navegaci\u00f3n do teu sitio (na maior\u00eda dos temas). A maior\u00eda da xente comenza cunha p\u00e1xina \u00abAcerca de\u00bb que lles presenta aos visitantes potenciais do sitio. Poder\u00eda dicir algo como esto: Ola meu! Son canteiro [&hellip;]<\/p>\n","protected":false},"author":1,"featured_media":0,"parent":0,"menu_order":0,"comment_status":"closed","ping_status":"open","template":"","meta":{"footnotes":""},"class_list":["post-2","page","type-page","status-publish","hentry"],"blocksy_meta":[],"_links":{"self":[{"href":"https:\/\/victoriagarant.ieslossauces.es\/wordpress\/wp-json\/wp\/v2\/pages\/2","targetHints":{"allow":["GET"]}}],"collection":[{"href":"https:\/\/victoriagarant.ieslossauces.es\/wordpress\/wp-json\/wp\/v2\/pages"}],"about":[{"href":"https:\/\/victoriagarant.ieslossauces.es\/wordpress\/wp-json\/wp\/v2\/types\/page"}],"author":[{"embeddable":true,"href":"https:\/\/victoriagarant.ieslossauces.es\/wordpress\/wp-json\/wp\/v2\/users\/1"}],"replies":[{"embeddable":true,"href":"https:\/\/victoriagarant.ieslossauces.es\/wordpress\/wp-json\/wp\/v2\/comments?post=2"}],"version-history":[{"count":0,"href":"https:\/\/victoriagarant.ieslossauces.es\/wordpress\/wp-json\/wp\/v2\/pages\/2\/revisions"}],"wp:attachment":[{"href":"https:\/\/victoriagarant.ieslossauces.es\/wordpress\/wp-json\/wp\/v2\/media?parent=2"}],"curies":[{"name":"wp","href":"https:\/\/api.w.org\/{rel}","templated":true}]}}